{"id":1216,"date":"2024-04-30T11:13:26","date_gmt":"2024-04-30T11:13:26","guid":{"rendered":"https:\/\/companhiadoverde.com.br\/site\/?page_id=1216"},"modified":"2024-05-28T23:36:06","modified_gmt":"2024-05-28T23:36:06","slug":"quemsomos-2","status":"publish","type":"page","link":"https:\/\/companhiadoverde.com.br\/site\/quemsomos-2\/","title":{"rendered":"Quem Somos"},"content":{"rendered":"\t\t<div data-elementor-type=\"wp-page\" data-elementor-id=\"1216\" class=\"elementor elementor-1216\">\n\t\t\t\t<div class=\"elementor-element elementor-element-d6aaf5d e-grid e-con-full e-con e-parent\" data-id=\"d6aaf5d\" data-element_type=\"container\">\n\t\t<div class=\"elementor-element elementor-element-4ee45fe e-flex e-con-boxed e-con e-child\" data-id=\"4ee45fe\" data-element_type=\"container\">\n\t\t\t\t\t<div class=\"e-con-inner\">\n\t\t\t\t<div class=\"elementor-element elementor-element-36cd0b8 elementor-widget elementor-widget-text-editor\" data-id=\"36cd0b8\" data-element_type=\"widget\" data-widget_type=\"text-editor.default\">\n\t\t\t\t<div class=\"elementor-widget-container\">\n\t\t\t\t\t\t\t\t\t<h2 style=\"color: #00796d;\"><strong>Quem Somos<\/strong><\/h2>\t\t\t\t\t\t\t\t<\/div>\n\t\t\t\t<\/div>\n\t\t\t\t\t<\/div>\n\t\t\t\t<\/div>\n\t\t\t\t<\/div>\n\t\t<div class=\"elementor-element elementor-element-54e7aee e-flex e-con-boxed e-con e-parent\" data-id=\"54e7aee\" data-element_type=\"container\">\n\t\t\t\t\t<div class=\"e-con-inner\">\n\t\t<div class=\"elementor-element elementor-element-50f01ea e-grid e-con-full e-con e-child\" data-id=\"50f01ea\" data-element_type=\"container\" data-settings=\"{&quot;background_background&quot;:&quot;classic&quot;}\">\n\t\t<div class=\"elementor-element elementor-element-3c267a9 e-grid e-con-boxed e-con e-child\" data-id=\"3c267a9\" data-element_type=\"container\" data-settings=\"{&quot;background_background&quot;:&quot;classic&quot;}\">\n\t\t\t\t\t<div class=\"e-con-inner\">\n\t\t<div class=\"elementor-element elementor-element-2cdfa08 e-flex e-con-boxed e-con e-child\" data-id=\"2cdfa08\" data-element_type=\"container\">\n\t\t\t\t\t<div class=\"e-con-inner\">\n\t\t<div class=\"elementor-element elementor-element-b02e0d4 e-grid e-con-full e-con e-child\" data-id=\"b02e0d4\" data-element_type=\"container\">\n\t\t\t\t<div class=\"elementor-element elementor-element-d23baa9 elementor-widget elementor-widget-text-editor\" data-id=\"d23baa9\" data-element_type=\"widget\" data-widget_type=\"text-editor.default\">\n\t\t\t\t<div class=\"elementor-widget-container\">\n\t\t\t\t\t\t\t\t\t<p>Somos a Companhia do Verde, uma empresa de paisagismo que atua na cria\u00e7\u00e3o, implanta\u00e7\u00e3o e manuten\u00e7\u00e3o de projetos paisag\u00edsticos e oferece todos os elementos de composi\u00e7\u00e3o de jardins, tais como plantas ornamentais, \u00e1rvores frut\u00edferas, grama e vasos.<\/p><p>Fundada em 1997, pela paisagista Cassiane Lemos Lacerda, a Companhia do Verde \u00e9 fruto da idealiza\u00e7\u00e3o de pessoas que acreditam na conex\u00e3o com a natureza como forma de proporcionar um mundo mais sustent\u00e1vel e bem-estar para as pessoas. Temos como miss\u00e3o deixar os lares mais bonitos e aconchegantes atrav\u00e9s do verde e de projetos criativos, pr\u00e1ticos e acess\u00edveis, fazendo da implanta\u00e7\u00e3o eficaz e da baixa manuten\u00e7\u00e3o nossos diferenciais.<\/p><p>Com sede em Divin\u00f3polis e projetos por todo centro-oeste mineiro, estamos sempre atentos \u00e0s tend\u00eancias mundiais do paisagismo e normas t\u00e9cnicas de plantio e poda, para oferecer o melhor a cada cliente e espa\u00e7o atendido. Temos nossa pr\u00f3pria equipe de jardineiros treinados para servi\u00e7os especiais de jardinagem e todos os servi\u00e7os prestados s\u00e3o acompanhados pela nossa experimente paisagista.<\/p>\t\t\t\t\t\t\t\t<\/div>\n\t\t\t\t<\/div>\n\t\t\t\t<\/div>\n\t\t\t\t\t<\/div>\n\t\t\t\t<\/div>\n\t\t<div class=\"elementor-element elementor-element-14ddb64 e-grid e-con-boxed e-con e-child\" data-id=\"14ddb64\" data-element_type=\"container\">\n\t\t\t\t\t<div class=\"e-con-inner\">\n\t\t\t\t<div class=\"elementor-element elementor-element-98f9b0d elementor-widget elementor-widget-image\" data-id=\"98f9b0d\" data-element_type=\"widget\" data-widget_type=\"image.default\">\n\t\t\t\t<div class=\"elementor-widget-container\">\n\t\t\t\t\t\t\t\t\t\t\t\t\t\t\t<img fetchpriority=\"high\" decoding=\"async\" width=\"760\" height=\"588\" src=\"https:\/\/companhiadoverde.com.br\/site\/wp-content\/uploads\/2024\/04\/Cassiane.png\" class=\"attachment-full size-full wp-image-999\" alt=\"\" srcset=\"https:\/\/companhiadoverde.com.br\/site\/wp-content\/uploads\/2024\/04\/Cassiane.png 760w, https:\/\/companhiadoverde.com.br\/site\/wp-content\/uploads\/2024\/04\/Cassiane-300x232.png 300w, https:\/\/companhiadoverde.com.br\/site\/wp-content\/uploads\/2024\/04\/Cassiane-600x464.png 600w\" sizes=\"(max-width: 760px) 100vw, 760px\" \/>\t\t\t\t\t\t\t\t\t\t\t\t\t\t\t<\/div>\n\t\t\t\t<\/div>\n\t\t\t\t\t<\/div>\n\t\t\t\t<\/div>\n\t\t\t\t\t<\/div>\n\t\t\t\t<\/div>\n\t\t\t\t<\/div>\n\t\t\t\t\t<\/div>\n\t\t\t\t<\/div>\n\t\t<div class=\"elementor-element elementor-element-b7d4d3c e-flex e-con-boxed e-con e-parent\" data-id=\"b7d4d3c\" data-element_type=\"container\">\n\t\t\t\t\t<div class=\"e-con-inner\">\n\t\t\t\t<div class=\"elementor-element elementor-element-f2a3b4f elementor-widget-divider--view-line elementor-widget elementor-widget-divider\" data-id=\"f2a3b4f\" data-element_type=\"widget\" data-widget_type=\"divider.default\">\n\t\t\t\t<div class=\"elementor-widget-container\">\n\t\t\t\t\t\t\t<div class=\"elementor-divider\">\n\t\t\t<span class=\"elementor-divider-separator\">\n\t\t\t\t\t\t<\/span>\n\t\t<\/div>\n\t\t\t\t\t\t<\/div>\n\t\t\t\t<\/div>\n\t\t\t\t\t<\/div>\n\t\t\t\t<\/div>\n\t\t<div class=\"elementor-element elementor-element-272bdc6 e-grid e-con-full e-con e-parent\" data-id=\"272bdc6\" data-element_type=\"container\">\n\t\t<div class=\"elementor-element elementor-element-3bd756e e-grid e-con-boxed e-con e-child\" data-id=\"3bd756e\" data-element_type=\"container\" data-settings=\"{&quot;background_background&quot;:&quot;classic&quot;}\">\n\t\t\t\t\t<div class=\"e-con-inner\">\n\t\t<div class=\"elementor-element elementor-element-ff7fd5c e-flex e-con-boxed e-con e-child\" data-id=\"ff7fd5c\" data-element_type=\"container\">\n\t\t\t\t\t<div class=\"e-con-inner\">\n\t\t<div class=\"elementor-element elementor-element-832dce8 e-grid e-con-full e-con e-child\" data-id=\"832dce8\" data-element_type=\"container\">\n\t\t\t\t<div class=\"elementor-element elementor-element-743b721 elementor-widget elementor-widget-text-editor\" data-id=\"743b721\" data-element_type=\"widget\" data-widget_type=\"text-editor.default\">\n\t\t\t\t<div class=\"elementor-widget-container\">\n\t\t\t\t\t\t\t\t\t<h3 style=\"color: #ffffff;\"><strong>Conhe\u00e7a nossa equipe<\/strong><\/h3>\t\t\t\t\t\t\t\t<\/div>\n\t\t\t\t<\/div>\n\t\t\t\t<\/div>\n\t\t\t\t\t<\/div>\n\t\t\t\t<\/div>\n\t\t<div class=\"elementor-element elementor-element-2a5a93b e-flex e-con-boxed e-con e-child\" data-id=\"2a5a93b\" data-element_type=\"container\">\n\t\t\t\t\t<div class=\"e-con-inner\">\n\t\t\t\t<div class=\"elementor-element elementor-element-f82c00a elementor-arrows-position-outside elementor-pagination-position-outside elementor-widget elementor-widget-image-carousel\" data-id=\"f82c00a\" data-element_type=\"widget\" data-settings=\"{&quot;slides_to_show&quot;:&quot;4&quot;,&quot;slides_to_scroll&quot;:&quot;1&quot;,&quot;navigation&quot;:&quot;both&quot;,&quot;autoplay&quot;:&quot;yes&quot;,&quot;pause_on_hover&quot;:&quot;yes&quot;,&quot;pause_on_interaction&quot;:&quot;yes&quot;,&quot;autoplay_speed&quot;:5000,&quot;infinite&quot;:&quot;yes&quot;,&quot;speed&quot;:500}\" data-widget_type=\"image-carousel.default\">\n\t\t\t\t<div class=\"elementor-widget-container\">\n\t\t\t\t\t\t\t<div class=\"elementor-image-carousel-wrapper swiper\" role=\"region\" aria-roledescription=\"carousel\" aria-label=\"Carrossel de imagens\" dir=\"ltr\">\n\t\t\t<div class=\"elementor-image-carousel swiper-wrapper\" aria-live=\"off\">\n\t\t\t\t\t\t\t\t<div class=\"swiper-slide\" role=\"group\" aria-roledescription=\"slide\" aria-label=\"1 de 5\"><figure class=\"swiper-slide-inner\"><img decoding=\"async\" class=\"swiper-slide-image\" src=\"https:\/\/companhiadoverde.com.br\/site\/wp-content\/uploads\/2024\/04\/e1.png\" alt=\"e1\" \/><\/figure><\/div><div class=\"swiper-slide\" role=\"group\" aria-roledescription=\"slide\" aria-label=\"2 de 5\"><figure class=\"swiper-slide-inner\"><img decoding=\"async\" class=\"swiper-slide-image\" src=\"https:\/\/companhiadoverde.com.br\/site\/wp-content\/uploads\/2024\/04\/e2.png\" alt=\"e2\" \/><\/figure><\/div><div class=\"swiper-slide\" role=\"group\" aria-roledescription=\"slide\" aria-label=\"3 de 5\"><figure class=\"swiper-slide-inner\"><img decoding=\"async\" class=\"swiper-slide-image\" src=\"https:\/\/companhiadoverde.com.br\/site\/wp-content\/uploads\/2024\/04\/e3.png\" alt=\"e3\" \/><\/figure><\/div><div class=\"swiper-slide\" role=\"group\" aria-roledescription=\"slide\" aria-label=\"4 de 5\"><figure class=\"swiper-slide-inner\"><img decoding=\"async\" class=\"swiper-slide-image\" src=\"https:\/\/companhiadoverde.com.br\/site\/wp-content\/uploads\/2024\/04\/e4.png\" alt=\"e4\" \/><\/figure><\/div><div class=\"swiper-slide\" role=\"group\" aria-roledescription=\"slide\" aria-label=\"5 de 5\"><figure class=\"swiper-slide-inner\"><img decoding=\"async\" class=\"swiper-slide-image\" src=\"https:\/\/companhiadoverde.com.br\/site\/wp-content\/uploads\/2024\/04\/e5.png\" alt=\"e5\" \/><\/figure><\/div>\t\t\t<\/div>\n\t\t\t\t\t\t\t\t\t\t\t\t<div class=\"elementor-swiper-button elementor-swiper-button-prev\" role=\"button\" tabindex=\"0\">\n\t\t\t\t\t\t<svg aria-hidden=\"true\" class=\"e-font-icon-svg e-eicon-chevron-left\" viewBox=\"0 0 1000 1000\" xmlns=\"http:\/\/www.w3.org\/2000\/svg\"><path d=\"M646 125C629 125 613 133 604 142L308 442C296 454 292 471 292 487 292 504 296 521 308 533L604 854C617 867 629 875 646 875 663 875 679 871 692 858 704 846 713 829 713 812 713 796 708 779 692 767L438 487 692 225C700 217 708 204 708 187 708 171 704 154 692 142 675 129 663 125 646 125Z\"><\/path><\/svg>\t\t\t\t\t<\/div>\n\t\t\t\t\t<div class=\"elementor-swiper-button elementor-swiper-button-next\" role=\"button\" tabindex=\"0\">\n\t\t\t\t\t\t<svg aria-hidden=\"true\" class=\"e-font-icon-svg e-eicon-chevron-right\" viewBox=\"0 0 1000 1000\" xmlns=\"http:\/\/www.w3.org\/2000\/svg\"><path d=\"M696 533C708 521 713 504 713 487 713 471 708 454 696 446L400 146C388 133 375 125 354 125 338 125 325 129 313 142 300 154 292 171 292 187 292 204 296 221 308 233L563 492 304 771C292 783 288 800 288 817 288 833 296 850 308 863 321 871 338 875 354 875 371 875 388 867 400 854L696 533Z\"><\/path><\/svg>\t\t\t\t\t<\/div>\n\t\t\t\t\n\t\t\t\t\t\t\t\t\t<div class=\"swiper-pagination\"><\/div>\n\t\t\t\t\t\t\t\t\t<\/div>\n\t\t\t\t\t\t<\/div>\n\t\t\t\t<\/div>\n\t\t\t\t\t<\/div>\n\t\t\t\t<\/div>\n\t\t\t\t\t<\/div>\n\t\t\t\t<\/div>\n\t\t\t\t<\/div>\n\t\t<div class=\"elementor-element elementor-element-cf54695 e-flex e-con-boxed e-con e-parent\" data-id=\"cf54695\" data-element_type=\"container\">\n\t\t\t\t\t<div class=\"e-con-inner\">\n\t\t\t\t<div class=\"elementor-element elementor-element-ec62486 elementor-widget-divider--view-line elementor-widget elementor-widget-divider\" data-id=\"ec62486\" data-element_type=\"widget\" data-widget_type=\"divider.default\">\n\t\t\t\t<div class=\"elementor-widget-container\">\n\t\t\t\t\t\t\t<div class=\"elementor-divider\">\n\t\t\t<span class=\"elementor-divider-separator\">\n\t\t\t\t\t\t<\/span>\n\t\t<\/div>\n\t\t\t\t\t\t<\/div>\n\t\t\t\t<\/div>\n\t\t\t\t\t<\/div>\n\t\t\t\t<\/div>\n\t\t<div class=\"elementor-element elementor-element-795a00c e-flex e-con-boxed e-con e-parent\" data-id=\"795a00c\" data-element_type=\"container\">\n\t\t\t\t\t<div class=\"e-con-inner\">\n\t\t\t\t<div class=\"elementor-element elementor-element-b30f6a9 elementor-align-center elementor-widget__width-inherit elementor-widget elementor-widget-button\" data-id=\"b30f6a9\" data-element_type=\"widget\" data-widget_type=\"button.default\">\n\t\t\t\t<div class=\"elementor-widget-container\">\n\t\t\t\t\t\t\t\t\t<div class=\"elementor-button-wrapper\">\n\t\t\t\t\t<a class=\"elementor-button elementor-button-link elementor-size-sm\" href=\"https:\/\/companhiadoverde.com.br\/site\/\">\n\t\t\t\t\t\t<span class=\"elementor-button-content-wrapper\">\n\t\t\t\t\t\t\t\t\t<span class=\"elementor-button-text\">Voltar<\/span>\n\t\t\t\t\t<\/span>\n\t\t\t\t\t<\/a>\n\t\t\t\t<\/div>\n\t\t\t\t\t\t\t\t<\/div>\n\t\t\t\t<\/div>\n\t\t\t\t\t<\/div>\n\t\t\t\t<\/div>\n\t\t<div class=\"elementor-element elementor-element-e3a3941 e-flex e-con-boxed e-con e-parent\" data-id=\"e3a3941\" data-element_type=\"container\">\n\t\t\t\t\t<div class=\"e-con-inner\">\n\t\t\t\t<div class=\"elementor-element elementor-element-883805c elementor-widget-divider--view-line elementor-widget elementor-widget-divider\" data-id=\"883805c\" data-element_type=\"widget\" data-widget_type=\"divider.default\">\n\t\t\t\t<div class=\"elementor-widget-container\">\n\t\t\t\t\t\t\t<div class=\"elementor-divider\">\n\t\t\t<span class=\"elementor-divider-separator\">\n\t\t\t\t\t\t<\/span>\n\t\t<\/div>\n\t\t\t\t\t\t<\/div>\n\t\t\t\t<\/div>\n\t\t\t\t\t<\/div>\n\t\t\t\t<\/div>\n\t\t<div class=\"elementor-element elementor-element-30a9360 e-con-full e-flex e-con e-parent\" data-id=\"30a9360\" data-element_type=\"container\">\n\t\t\t\t<div class=\"elementor-element elementor-element-0bce1e7 elementor-widget__width-inherit elementor-widget elementor-widget-google_maps\" data-id=\"0bce1e7\" data-element_type=\"widget\" data-widget_type=\"google_maps.default\">\n\t\t\t\t<div class=\"elementor-widget-container\">\n\t\t\t\t\t\t\t<div class=\"elementor-custom-embed\">\n\t\t\t<iframe loading=\"lazy\"\n\t\t\t\t\tsrc=\"https:\/\/maps.google.com\/maps?q=Companhia%20do%20Verde%20Paisagismo&#038;t=m&#038;z=17&#038;output=embed&#038;iwloc=near\"\n\t\t\t\t\ttitle=\"Companhia do Verde Paisagismo\"\n\t\t\t\t\taria-label=\"Companhia do Verde Paisagismo\"\n\t\t\t><\/iframe>\n\t\t<\/div>\n\t\t\t\t\t\t<\/div>\n\t\t\t\t<\/div>\n\t\t\t\t<\/div>\n\t\t\t\t<\/div>\n\t\t","protected":false},"excerpt":{"rendered":"<p>Quem Somos Somos a Companhia do Verde, uma empresa de paisagismo que atua na cria\u00e7\u00e3o, implanta\u00e7\u00e3o e manuten\u00e7\u00e3o de projetos paisag\u00edsticos e oferece todos os elementos de composi\u00e7\u00e3o de jardins, tais como plantas ornamentais, \u00e1rvores frut\u00edferas, grama e vasos. Fundada em 1997, pela paisagista Cassiane Lemos Lacerda, a Companhia do Verde \u00e9 fruto da idealiza\u00e7\u00e3o [&hellip;]<\/p>\n","protected":false},"author":1,"featured_media":0,"parent":0,"menu_order":0,"comment_status":"closed","ping_status":"closed","template":"elementor_header_footer","meta":{"footnotes":""},"class_list":["post-1216","page","type-page","status-publish","hentry"],"_links":{"self":[{"href":"https:\/\/companhiadoverde.com.br\/site\/wp-json\/wp\/v2\/pages\/1216","targetHints":{"allow":["GET"]}}],"collection":[{"href":"https:\/\/companhiadoverde.com.br\/site\/wp-json\/wp\/v2\/pages"}],"about":[{"href":"https:\/\/companhiadoverde.com.br\/site\/wp-json\/wp\/v2\/types\/page"}],"author":[{"embeddable":true,"href":"https:\/\/companhiadoverde.com.br\/site\/wp-json\/wp\/v2\/users\/1"}],"replies":[{"embeddable":true,"href":"https:\/\/companhiadoverde.com.br\/site\/wp-json\/wp\/v2\/comments?post=1216"}],"version-history":[{"count":11,"href":"https:\/\/companhiadoverde.com.br\/site\/wp-json\/wp\/v2\/pages\/1216\/revisions"}],"predecessor-version":[{"id":1544,"href":"https:\/\/companhiadoverde.com.br\/site\/wp-json\/wp\/v2\/pages\/1216\/revisions\/1544"}],"wp:attachment":[{"href":"https:\/\/companhiadoverde.com.br\/site\/wp-json\/wp\/v2\/media?parent=1216"}],"curies":[{"name":"wp","href":"https:\/\/api.w.org\/{rel}","templated":true}]}}